{"id":7533,"date":"2026-02-01T19:21:52","date_gmt":"2026-02-01T18:21:52","guid":{"rendered":"https:\/\/dessinemoiunvelo.com\/?post_type=product&#038;p=7533"},"modified":"2026-02-01T19:23:29","modified_gmt":"2026-02-01T18:23:29","slug":"velo2000-aero-jumper-1985","status":"publish","type":"product","link":"https:\/\/dessinemoiunvelo.com\/index.php\/produit\/velo2000-aero-jumper-1985\/","title":{"rendered":"V\u00e9lo2000 Aero Jumper 1985"},"content":{"rendered":"<p>Cadre et fourche tubes profil\u00e9s Cro-moly.<\/p>\n<p>Padset damier<\/p>\n<p>Tige de selle coud\u00e9e renforc\u00e9e<\/p>\n","protected":false},"excerpt":{"rendered":"<p>Bmx V2000 Aero 1985<\/p>\n<p>V\u00e9lo 2000 \u00e9tait un importateur dans les ann\u00e9es 80 et assembler des bmx en proposant aux amateurs de bicross des r\u00e9pliques de cadres americains type GT, Skyway, Haro&#8230; On trouvait ce mod\u00e8le Aero en kit ou assembl\u00e9 sous l&rsquo;appellation Jumper.<\/p>\n<p>&nbsp;<\/p>\n","protected":false},"featured_media":7547,"comment_status":"open","ping_status":"closed","template":"","meta":[],"product_brand":[],"product_cat":[75],"product_tag":[],"class_list":{"0":"post-7533","1":"product","2":"type-product","3":"status-publish","4":"has-post-thumbnail","6":"product_cat-bmx","8":"first","9":"outofstock","10":"taxable","11":"shipping-taxable","12":"product-type-simple"},"_links":{"self":[{"href":"https:\/\/dessinemoiunvelo.com\/index.php\/wp-json\/wp\/v2\/product\/7533","targetHints":{"allow":["GET"]}}],"collection":[{"href":"https:\/\/dessinemoiunvelo.com\/index.php\/wp-json\/wp\/v2\/product"}],"about":[{"href":"https:\/\/dessinemoiunvelo.com\/index.php\/wp-json\/wp\/v2\/types\/product"}],"replies":[{"embeddable":true,"href":"https:\/\/dessinemoiunvelo.com\/index.php\/wp-json\/wp\/v2\/comments?post=7533"}],"wp:featuredmedia":[{"embeddable":true,"href":"https:\/\/dessinemoiunvelo.com\/index.php\/wp-json\/wp\/v2\/media\/7547"}],"wp:attachment":[{"href":"https:\/\/dessinemoiunvelo.com\/index.php\/wp-json\/wp\/v2\/media?parent=7533"}],"wp:term":[{"taxonomy":"product_brand","embeddable":true,"href":"https:\/\/dessinemoiunvelo.com\/index.php\/wp-json\/wp\/v2\/product_brand?post=7533"},{"taxonomy":"product_cat","embeddable":true,"href":"https:\/\/dessinemoiunvelo.com\/index.php\/wp-json\/wp\/v2\/product_cat?post=7533"},{"taxonomy":"product_tag","embeddable":true,"href":"https:\/\/dessinemoiunvelo.com\/index.php\/wp-json\/wp\/v2\/product_tag?post=7533"}],"curies":[{"name":"wp","href":"https:\/\/api.w.org\/{rel}","templated":true}]}}