{"id":7485,"date":"2026-02-01T14:40:14","date_gmt":"2026-02-01T13:40:14","guid":{"rendered":"https:\/\/dessinemoiunvelo.com\/?post_type=product&#038;p=7485"},"modified":"2026-02-01T14:40:44","modified_gmt":"2026-02-01T13:40:44","slug":"peugeot-porteur-parisien-70s","status":"publish","type":"product","link":"https:\/\/dessinemoiunvelo.com\/index.php\/produit\/peugeot-porteur-parisien-70s\/","title":{"rendered":"Peugeot Porteur Parisien 70s"},"content":{"rendered":"<p>Cadre en acier tubes all\u00e9g\u00e9s,<\/p>\n<p>3 vitesses, roues 650. Ann\u00e9es 60-70. Fonctionnel Bon \u00e9tat g\u00e9n\u00e9ral pour son \u00e2ge.<\/p>\n<p>Fabrication Fran\u00e7aise, \u00e9quipement d&rsquo;\u00e9poque Mafac, Nervar, Simplex, Rigida, Soubitez, Perache, Sufficit, Michelin<\/p>\n<p>&nbsp;<\/p>\n","protected":false},"excerpt":{"rendered":"<p>V\u00e9lo porteur ancien utilitaire avec porte paquet avant et porte bagage arri\u00e8re, gardes boues, sonnette, sacoche outil\u2026<\/p>\n","protected":false},"featured_media":7493,"comment_status":"open","ping_status":"closed","template":"","meta":[],"product_brand":[],"product_cat":[74],"product_tag":[],"class_list":{"0":"post-7485","1":"product","2":"type-product","3":"status-publish","4":"has-post-thumbnail","6":"product_cat-ville","8":"first","9":"instock","10":"taxable","11":"shipping-taxable","12":"product-type-simple"},"_links":{"self":[{"href":"https:\/\/dessinemoiunvelo.com\/index.php\/wp-json\/wp\/v2\/product\/7485","targetHints":{"allow":["GET"]}}],"collection":[{"href":"https:\/\/dessinemoiunvelo.com\/index.php\/wp-json\/wp\/v2\/product"}],"about":[{"href":"https:\/\/dessinemoiunvelo.com\/index.php\/wp-json\/wp\/v2\/types\/product"}],"replies":[{"embeddable":true,"href":"https:\/\/dessinemoiunvelo.com\/index.php\/wp-json\/wp\/v2\/comments?post=7485"}],"wp:featuredmedia":[{"embeddable":true,"href":"https:\/\/dessinemoiunvelo.com\/index.php\/wp-json\/wp\/v2\/media\/7493"}],"wp:attachment":[{"href":"https:\/\/dessinemoiunvelo.com\/index.php\/wp-json\/wp\/v2\/media?parent=7485"}],"wp:term":[{"taxonomy":"product_brand","embeddable":true,"href":"https:\/\/dessinemoiunvelo.com\/index.php\/wp-json\/wp\/v2\/product_brand?post=7485"},{"taxonomy":"product_cat","embeddable":true,"href":"https:\/\/dessinemoiunvelo.com\/index.php\/wp-json\/wp\/v2\/product_cat?post=7485"},{"taxonomy":"product_tag","embeddable":true,"href":"https:\/\/dessinemoiunvelo.com\/index.php\/wp-json\/wp\/v2\/product_tag?post=7485"}],"curies":[{"name":"wp","href":"https:\/\/api.w.org\/{rel}","templated":true}]}}