{"id":7458,"date":"2026-02-01T14:23:47","date_gmt":"2026-02-01T13:23:47","guid":{"rendered":"https:\/\/dessinemoiunvelo.com\/?post_type=product&#038;p=7458"},"modified":"2026-02-01T14:23:47","modified_gmt":"2026-02-01T13:23:47","slug":"peugeot-crosser-1987","status":"publish","type":"product","link":"https:\/\/dessinemoiunvelo.com\/index.php\/produit\/peugeot-crosser-1987\/","title":{"rendered":"Peugeot Crosser 1987"},"content":{"rendered":"<p>Cadre + fourche + guidon Sablage + Peinture Thermolaquage Epoxy RAL1023. Paire de pneus NOS flanc beige type comp3 neufs, roues 5 b\u00e2tons blanches, P\u00e9dalier aero speedline, Tige de selle coud\u00e9e cro-mo, selle Delta, potence ITM<\/p>\n<p>&nbsp;<\/p>\n","protected":false},"excerpt":{"rendered":"<p>Peugeot BMX Crosser 20 pouces 1987. Montage aux couleurs de la T16 Rallye Grand Raid Paris Dakar de la m\u00eame ann\u00e9e.<\/p>\n<p>&nbsp;<\/p>\n","protected":false},"featured_media":7463,"comment_status":"open","ping_status":"closed","template":"","meta":[],"product_brand":[],"product_cat":[75],"product_tag":[],"class_list":{"0":"post-7458","1":"product","2":"type-product","3":"status-publish","4":"has-post-thumbnail","6":"product_cat-bmx","8":"first","9":"outofstock","10":"taxable","11":"shipping-taxable","12":"product-type-simple"},"_links":{"self":[{"href":"https:\/\/dessinemoiunvelo.com\/index.php\/wp-json\/wp\/v2\/product\/7458","targetHints":{"allow":["GET"]}}],"collection":[{"href":"https:\/\/dessinemoiunvelo.com\/index.php\/wp-json\/wp\/v2\/product"}],"about":[{"href":"https:\/\/dessinemoiunvelo.com\/index.php\/wp-json\/wp\/v2\/types\/product"}],"replies":[{"embeddable":true,"href":"https:\/\/dessinemoiunvelo.com\/index.php\/wp-json\/wp\/v2\/comments?post=7458"}],"wp:featuredmedia":[{"embeddable":true,"href":"https:\/\/dessinemoiunvelo.com\/index.php\/wp-json\/wp\/v2\/media\/7463"}],"wp:attachment":[{"href":"https:\/\/dessinemoiunvelo.com\/index.php\/wp-json\/wp\/v2\/media?parent=7458"}],"wp:term":[{"taxonomy":"product_brand","embeddable":true,"href":"https:\/\/dessinemoiunvelo.com\/index.php\/wp-json\/wp\/v2\/product_brand?post=7458"},{"taxonomy":"product_cat","embeddable":true,"href":"https:\/\/dessinemoiunvelo.com\/index.php\/wp-json\/wp\/v2\/product_cat?post=7458"},{"taxonomy":"product_tag","embeddable":true,"href":"https:\/\/dessinemoiunvelo.com\/index.php\/wp-json\/wp\/v2\/product_tag?post=7458"}],"curies":[{"name":"wp","href":"https:\/\/api.w.org\/{rel}","templated":true}]}}