{"id":7445,"date":"2025-04-06T17:49:01","date_gmt":"2025-04-06T15:49:01","guid":{"rendered":"https:\/\/dessinemoiunvelo.com\/?post_type=product&#038;p=7445"},"modified":"2026-02-18T00:30:26","modified_gmt":"2026-02-17T23:30:26","slug":"dyno-nsx-1998","status":"publish","type":"product","link":"https:\/\/dessinemoiunvelo.com\/index.php\/produit\/dyno-nsx-1998\/","title":{"rendered":"Dyno NSX 1998"},"content":{"rendered":"<p>Taille 20 pouces, cha\u00eene Izumi, pad set GT, selle Viscount drop nose, Fourche 3D dropout design Dyno, Poign\u00e9es Cassano type Ame cam, Guidon expert dyno, P\u00e9dales GT, Jantes Weinmann usa, Moyeux joytechCollier double serrage, pneu tioga 1.75, plateau dyno<\/p>\n<p>&nbsp;<\/p>\n","protected":false},"excerpt":{"rendered":"<p>Pr\u00eat \u00e0 revivre les ann\u00e9es 90 ? Ce bmx est plus qu&rsquo;un simple v\u00e9lo, c&rsquo;est une machine \u00e0 remonter le temps, id\u00e9ale pour les nostalgiques des ann\u00e9es 90 ou pour ceux qui veulent ajouter une touche vintage \u00e0 leur collection. Enfourche ce bolide et laisse l&rsquo;esprit des ann\u00e9es 90 t&#8217;emporter ! \ud83d\udef9\ud83d\udd25<\/p>\n","protected":false},"featured_media":7379,"comment_status":"open","ping_status":"closed","template":"","meta":[],"product_brand":[],"product_cat":[75],"product_tag":[],"class_list":{"0":"post-7445","1":"product","2":"type-product","3":"status-publish","4":"has-post-thumbnail","6":"product_cat-bmx","8":"first","9":"outofstock","10":"taxable","11":"shipping-taxable","12":"product-type-simple"},"_links":{"self":[{"href":"https:\/\/dessinemoiunvelo.com\/index.php\/wp-json\/wp\/v2\/product\/7445","targetHints":{"allow":["GET"]}}],"collection":[{"href":"https:\/\/dessinemoiunvelo.com\/index.php\/wp-json\/wp\/v2\/product"}],"about":[{"href":"https:\/\/dessinemoiunvelo.com\/index.php\/wp-json\/wp\/v2\/types\/product"}],"replies":[{"embeddable":true,"href":"https:\/\/dessinemoiunvelo.com\/index.php\/wp-json\/wp\/v2\/comments?post=7445"}],"wp:featuredmedia":[{"embeddable":true,"href":"https:\/\/dessinemoiunvelo.com\/index.php\/wp-json\/wp\/v2\/media\/7379"}],"wp:attachment":[{"href":"https:\/\/dessinemoiunvelo.com\/index.php\/wp-json\/wp\/v2\/media?parent=7445"}],"wp:term":[{"taxonomy":"product_brand","embeddable":true,"href":"https:\/\/dessinemoiunvelo.com\/index.php\/wp-json\/wp\/v2\/product_brand?post=7445"},{"taxonomy":"product_cat","embeddable":true,"href":"https:\/\/dessinemoiunvelo.com\/index.php\/wp-json\/wp\/v2\/product_cat?post=7445"},{"taxonomy":"product_tag","embeddable":true,"href":"https:\/\/dessinemoiunvelo.com\/index.php\/wp-json\/wp\/v2\/product_tag?post=7445"}],"curies":[{"name":"wp","href":"https:\/\/api.w.org\/{rel}","templated":true}]}}