{"id":7441,"date":"2025-04-06T16:54:58","date_gmt":"2025-04-06T14:54:58","guid":{"rendered":"https:\/\/dessinemoiunvelo.com\/?post_type=product&#038;p=7441"},"modified":"2026-02-18T00:30:42","modified_gmt":"2026-02-17T23:30:42","slug":"e-t-the-extra-terrestrial-tribute","status":"publish","type":"product","link":"https:\/\/dessinemoiunvelo.com\/index.php\/produit\/e-t-the-extra-terrestrial-tribute\/","title":{"rendered":"E.T. The Extra-Terrestrial tribute"},"content":{"rendered":"<p>20 pouces, Roues chrome rayons HJC Taiwan. Guidon v-bar chrome, tube de selle coud\u00e9, freins mx, pneus Kenda.<\/p>\n","protected":false},"excerpt":{"rendered":"<p>Bmx E.T.- The Extra-Terrestrial. Marque inconnue, ce n&rsquo;est ni un Kuwahara ni un Akizu mais tr\u00e8s proche du mod\u00e8le proph\u00e8te 82 visuellement.<\/p>\n<p>V\u00e9lo id\u00e9al pour rassemblement old school, d\u00e9co originale, vitrine, commerce, magasin, garage, collection, vintage, r\u00e9tro, ancien\u2026<\/p>\n<p>&nbsp;<\/p>\n","protected":false},"featured_media":7420,"comment_status":"open","ping_status":"closed","template":"","meta":[],"product_brand":[],"product_cat":[75],"product_tag":[],"class_list":{"0":"post-7441","1":"product","2":"type-product","3":"status-publish","4":"has-post-thumbnail","6":"product_cat-bmx","8":"first","9":"outofstock","10":"taxable","11":"shipping-taxable","12":"product-type-simple"},"_links":{"self":[{"href":"https:\/\/dessinemoiunvelo.com\/index.php\/wp-json\/wp\/v2\/product\/7441","targetHints":{"allow":["GET"]}}],"collection":[{"href":"https:\/\/dessinemoiunvelo.com\/index.php\/wp-json\/wp\/v2\/product"}],"about":[{"href":"https:\/\/dessinemoiunvelo.com\/index.php\/wp-json\/wp\/v2\/types\/product"}],"replies":[{"embeddable":true,"href":"https:\/\/dessinemoiunvelo.com\/index.php\/wp-json\/wp\/v2\/comments?post=7441"}],"wp:featuredmedia":[{"embeddable":true,"href":"https:\/\/dessinemoiunvelo.com\/index.php\/wp-json\/wp\/v2\/media\/7420"}],"wp:attachment":[{"href":"https:\/\/dessinemoiunvelo.com\/index.php\/wp-json\/wp\/v2\/media?parent=7441"}],"wp:term":[{"taxonomy":"product_brand","embeddable":true,"href":"https:\/\/dessinemoiunvelo.com\/index.php\/wp-json\/wp\/v2\/product_brand?post=7441"},{"taxonomy":"product_cat","embeddable":true,"href":"https:\/\/dessinemoiunvelo.com\/index.php\/wp-json\/wp\/v2\/product_cat?post=7441"},{"taxonomy":"product_tag","embeddable":true,"href":"https:\/\/dessinemoiunvelo.com\/index.php\/wp-json\/wp\/v2\/product_tag?post=7441"}],"curies":[{"name":"wp","href":"https:\/\/api.w.org\/{rel}","templated":true}]}}