{"id":7439,"date":"2025-04-06T16:10:34","date_gmt":"2025-04-06T14:10:34","guid":{"rendered":"https:\/\/dessinemoiunvelo.com\/?post_type=product&#038;p=7439"},"modified":"2025-04-06T16:14:22","modified_gmt":"2025-04-06T14:14:22","slug":"motobecane-mx21-1979","status":"publish","type":"product","link":"https:\/\/dessinemoiunvelo.com\/index.php\/produit\/motobecane-mx21-1979\/","title":{"rendered":"Motob\u00e9cane Mx21 1979"},"content":{"rendered":"<p>Taille 20 pouces.Selle Italia matelass\u00e9e, Poign\u00e9es cross Cassano, Freins \u00e0 tambours&#8230;<\/p>\n","protected":false},"excerpt":{"rendered":"<p>Un v\u00e9lo cross \u00ab\u00a0dans son jus\u00a0\u00bb patrimoine de l&rsquo;industrie fran\u00e7aise parmi les premiers bmx en France. Pour un prix raisonnable avec le Mx21, vous aviez \u00e0 l&rsquo;\u00e9poque un v\u00e9lo cross \u00e0 suspension oscillante et amortisseur mont\u00e9 en cantilever. Le premier prix des v\u00e9los cross Motobecane. Quelques \u00e9l\u00e9ments d&rsquo;origine manquent \u00e0 l&rsquo;appel mais le charme op\u00e9re.<\/p>\n","protected":false},"featured_media":7392,"comment_status":"open","ping_status":"closed","template":"","meta":[],"product_brand":[],"product_cat":[75],"product_tag":[],"class_list":{"0":"post-7439","1":"product","2":"type-product","3":"status-publish","4":"has-post-thumbnail","6":"product_cat-bmx","8":"first","9":"outofstock","10":"taxable","11":"shipping-taxable","12":"product-type-simple"},"_links":{"self":[{"href":"https:\/\/dessinemoiunvelo.com\/index.php\/wp-json\/wp\/v2\/product\/7439","targetHints":{"allow":["GET"]}}],"collection":[{"href":"https:\/\/dessinemoiunvelo.com\/index.php\/wp-json\/wp\/v2\/product"}],"about":[{"href":"https:\/\/dessinemoiunvelo.com\/index.php\/wp-json\/wp\/v2\/types\/product"}],"replies":[{"embeddable":true,"href":"https:\/\/dessinemoiunvelo.com\/index.php\/wp-json\/wp\/v2\/comments?post=7439"}],"wp:featuredmedia":[{"embeddable":true,"href":"https:\/\/dessinemoiunvelo.com\/index.php\/wp-json\/wp\/v2\/media\/7392"}],"wp:attachment":[{"href":"https:\/\/dessinemoiunvelo.com\/index.php\/wp-json\/wp\/v2\/media?parent=7439"}],"wp:term":[{"taxonomy":"product_brand","embeddable":true,"href":"https:\/\/dessinemoiunvelo.com\/index.php\/wp-json\/wp\/v2\/product_brand?post=7439"},{"taxonomy":"product_cat","embeddable":true,"href":"https:\/\/dessinemoiunvelo.com\/index.php\/wp-json\/wp\/v2\/product_cat?post=7439"},{"taxonomy":"product_tag","embeddable":true,"href":"https:\/\/dessinemoiunvelo.com\/index.php\/wp-json\/wp\/v2\/product_tag?post=7439"}],"curies":[{"name":"wp","href":"https:\/\/api.w.org\/{rel}","templated":true}]}}