{"id":7366,"date":"2025-04-06T15:39:36","date_gmt":"2025-04-06T13:39:36","guid":{"rendered":"https:\/\/dessinemoiunvelo.com\/?post_type=product&#038;p=7366"},"modified":"2026-02-01T21:08:45","modified_gmt":"2026-02-01T20:08:45","slug":"dyno-vfr-2000","status":"publish","type":"product","link":"https:\/\/dessinemoiunvelo.com\/index.php\/produit\/dyno-vfr-2000\/","title":{"rendered":"Dyno VFR 2000"},"content":{"rendered":"<p>Dyno VFR. Dyno pro frame featuring oval seat and chain stays, 3-D dropouts and oversize head and seat tubes. 1-1\/8-inch threadless Dyno fork w\/1-1\/8-inch chisel-cut legs, CrMo steer tube *GT Piston stem. GT spider and chainring with Dyno BB set GT Wrench cranks. New GT aluminum platform pedals *GT AA Pro tires (1.75 rear and 2.125 front). Dyno expert handlebar. GT padded dropnose saddle. GT Mohawk hubs. Colors available: CP, Black Metallic, Atomic Blue, Dynomite Red<\/p>\n","protected":false},"excerpt":{"rendered":"<p>DYNO 20 pouces avec \u00e9quipement d&rsquo;origine sauf les grips. Cadre chrome Flat tubing avec tendeurs de cha\u00eene int\u00e9gr\u00e9s. En cherchant l&rsquo;explication du mod\u00e8le VFR on peut trouver celle ci : Very Fast Racer (Origine Cycles Fevrier)<\/p>\n","protected":false},"featured_media":7335,"comment_status":"open","ping_status":"closed","template":"","meta":[],"product_brand":[],"product_cat":[75],"product_tag":[],"class_list":{"0":"post-7366","1":"product","2":"type-product","3":"status-publish","4":"has-post-thumbnail","6":"product_cat-bmx","8":"first","9":"outofstock","10":"taxable","11":"shipping-taxable","12":"product-type-simple"},"_links":{"self":[{"href":"https:\/\/dessinemoiunvelo.com\/index.php\/wp-json\/wp\/v2\/product\/7366","targetHints":{"allow":["GET"]}}],"collection":[{"href":"https:\/\/dessinemoiunvelo.com\/index.php\/wp-json\/wp\/v2\/product"}],"about":[{"href":"https:\/\/dessinemoiunvelo.com\/index.php\/wp-json\/wp\/v2\/types\/product"}],"replies":[{"embeddable":true,"href":"https:\/\/dessinemoiunvelo.com\/index.php\/wp-json\/wp\/v2\/comments?post=7366"}],"wp:featuredmedia":[{"embeddable":true,"href":"https:\/\/dessinemoiunvelo.com\/index.php\/wp-json\/wp\/v2\/media\/7335"}],"wp:attachment":[{"href":"https:\/\/dessinemoiunvelo.com\/index.php\/wp-json\/wp\/v2\/media?parent=7366"}],"wp:term":[{"taxonomy":"product_brand","embeddable":true,"href":"https:\/\/dessinemoiunvelo.com\/index.php\/wp-json\/wp\/v2\/product_brand?post=7366"},{"taxonomy":"product_cat","embeddable":true,"href":"https:\/\/dessinemoiunvelo.com\/index.php\/wp-json\/wp\/v2\/product_cat?post=7366"},{"taxonomy":"product_tag","embeddable":true,"href":"https:\/\/dessinemoiunvelo.com\/index.php\/wp-json\/wp\/v2\/product_tag?post=7366"}],"curies":[{"name":"wp","href":"https:\/\/api.w.org\/{rel}","templated":true}]}}