{"id":7364,"date":"2025-04-06T12:21:00","date_gmt":"2025-04-06T10:21:00","guid":{"rendered":"https:\/\/dessinemoiunvelo.com\/?post_type=product&#038;p=7364"},"modified":"2026-02-01T21:09:10","modified_gmt":"2026-02-01T20:09:10","slug":"scooter-bmx-2024","status":"publish","type":"product","link":"https:\/\/dessinemoiunvelo.com\/index.php\/produit\/scooter-bmx-2024\/","title":{"rendered":"Funscoot Dyno Tribute 2024"},"content":{"rendered":"<p>Taille 16 pouces, roues b\u00e2tons 5 branches blanche, Fourche axe d\u00e9port\u00e9. frein arri\u00e8re vbrake, Guidon espace noir avec mousse de protection Dyno, potence type fork lifter, cadre g\u00e9om\u00e9trie type zoot scoot GT.<\/p>\n","protected":false},"excerpt":{"rendered":"<p>D\u00e9couvrez cette trottinette \u00e0 grandes roues \u00e9l\u00e9gante et ludique ! Montage sur un ch\u00e2ssis moderne de 2024 (homecom) et customis\u00e9 avec une d\u00e9coration r\u00e9tro gris-rose inspir\u00e9 de son homologue Dyno des ann\u00e9es 80. Id\u00e9ale pour les grands enfants comme pour les adultes. Que ce soit pour une promenade dans le parc ou une course rapide dans le quartier, vous pourrez tenter d&rsquo;\u00e9pater les passants avec quelques figures gr\u00e2ce \u00e0 ces 4 Pegs. Cette trottinette est le compagnon id\u00e9al pour une mobilit\u00e9 fun et styl\u00e9.<\/p>\n","protected":false},"featured_media":7327,"comment_status":"open","ping_status":"closed","template":"","meta":[],"product_brand":[],"product_cat":[15],"product_tag":[],"class_list":{"0":"post-7364","1":"product","2":"type-product","3":"status-publish","4":"has-post-thumbnail","6":"product_cat-divers","8":"first","9":"outofstock","10":"taxable","11":"shipping-taxable","12":"product-type-simple"},"_links":{"self":[{"href":"https:\/\/dessinemoiunvelo.com\/index.php\/wp-json\/wp\/v2\/product\/7364","targetHints":{"allow":["GET"]}}],"collection":[{"href":"https:\/\/dessinemoiunvelo.com\/index.php\/wp-json\/wp\/v2\/product"}],"about":[{"href":"https:\/\/dessinemoiunvelo.com\/index.php\/wp-json\/wp\/v2\/types\/product"}],"replies":[{"embeddable":true,"href":"https:\/\/dessinemoiunvelo.com\/index.php\/wp-json\/wp\/v2\/comments?post=7364"}],"wp:featuredmedia":[{"embeddable":true,"href":"https:\/\/dessinemoiunvelo.com\/index.php\/wp-json\/wp\/v2\/media\/7327"}],"wp:attachment":[{"href":"https:\/\/dessinemoiunvelo.com\/index.php\/wp-json\/wp\/v2\/media?parent=7364"}],"wp:term":[{"taxonomy":"product_brand","embeddable":true,"href":"https:\/\/dessinemoiunvelo.com\/index.php\/wp-json\/wp\/v2\/product_brand?post=7364"},{"taxonomy":"product_cat","embeddable":true,"href":"https:\/\/dessinemoiunvelo.com\/index.php\/wp-json\/wp\/v2\/product_cat?post=7364"},{"taxonomy":"product_tag","embeddable":true,"href":"https:\/\/dessinemoiunvelo.com\/index.php\/wp-json\/wp\/v2\/product_tag?post=7364"}],"curies":[{"name":"wp","href":"https:\/\/api.w.org\/{rel}","templated":true}]}}