{"id":7362,"date":"2025-04-06T10:56:53","date_gmt":"2025-04-06T08:56:53","guid":{"rendered":"https:\/\/dessinemoiunvelo.com\/?post_type=product&#038;p=7362"},"modified":"2026-02-01T21:08:45","modified_gmt":"2026-02-01T20:08:45","slug":"gitane-puma-90s","status":"publish","type":"product","link":"https:\/\/dessinemoiunvelo.com\/index.php\/produit\/gitane-puma-90s\/","title":{"rendered":"Gitane Puma 90&rsquo;s"},"content":{"rendered":"<p><!--more-->Taille 14 pouces, Carter blanc de s\u00e9curit\u00e9 , roues b\u00e2tons, pneus large crampons, protection cadre en mousse, logements compatible stabilisateurs arri\u00e8re &#8230;<\/p>\n","protected":false},"excerpt":{"rendered":"<p>\u00c0 chaque \u00e2ge son v\u00e9lo. D\u00e9couvrez ce v\u00e9lo au design unique et color\u00e9, parfait pour les jeunes aventuriers ! Avec son cadre fluo et ses roues vertes \u00e9clatantes, il ne passe pas inaper\u00e7u. Le v\u00e9lo est \u00e9quip\u00e9 d&rsquo;un guidon ergonomique, id\u00e9al pour les petites mains. Parfait pour les balades dans le quartier ou les jeux dans le jardin, ce v\u00e9lo est bien plus qu&rsquo;un simple moyen de transport \u2013 c&rsquo;est une invitation \u00e0 l&rsquo;aventure !<\/p>\n","protected":false},"featured_media":7351,"comment_status":"open","ping_status":"closed","template":"","meta":[],"product_brand":[],"product_cat":[75,78],"product_tag":[],"class_list":{"0":"post-7362","1":"product","2":"type-product","3":"status-publish","4":"has-post-thumbnail","6":"product_cat-bmx","7":"product_cat-vtt","9":"first","10":"outofstock","11":"taxable","12":"shipping-taxable","13":"product-type-simple"},"_links":{"self":[{"href":"https:\/\/dessinemoiunvelo.com\/index.php\/wp-json\/wp\/v2\/product\/7362","targetHints":{"allow":["GET"]}}],"collection":[{"href":"https:\/\/dessinemoiunvelo.com\/index.php\/wp-json\/wp\/v2\/product"}],"about":[{"href":"https:\/\/dessinemoiunvelo.com\/index.php\/wp-json\/wp\/v2\/types\/product"}],"replies":[{"embeddable":true,"href":"https:\/\/dessinemoiunvelo.com\/index.php\/wp-json\/wp\/v2\/comments?post=7362"}],"wp:featuredmedia":[{"embeddable":true,"href":"https:\/\/dessinemoiunvelo.com\/index.php\/wp-json\/wp\/v2\/media\/7351"}],"wp:attachment":[{"href":"https:\/\/dessinemoiunvelo.com\/index.php\/wp-json\/wp\/v2\/media?parent=7362"}],"wp:term":[{"taxonomy":"product_brand","embeddable":true,"href":"https:\/\/dessinemoiunvelo.com\/index.php\/wp-json\/wp\/v2\/product_brand?post=7362"},{"taxonomy":"product_cat","embeddable":true,"href":"https:\/\/dessinemoiunvelo.com\/index.php\/wp-json\/wp\/v2\/product_cat?post=7362"},{"taxonomy":"product_tag","embeddable":true,"href":"https:\/\/dessinemoiunvelo.com\/index.php\/wp-json\/wp\/v2\/product_tag?post=7362"}],"curies":[{"name":"wp","href":"https:\/\/api.w.org\/{rel}","templated":true}]}}