{"id":7358,"date":"2025-04-06T10:12:34","date_gmt":"2025-04-06T08:12:34","guid":{"rendered":"https:\/\/dessinemoiunvelo.com\/?post_type=product&#038;p=7358"},"modified":"2025-04-06T16:16:47","modified_gmt":"2025-04-06T14:16:47","slug":"motobecane-mx41-1982","status":"publish","type":"product","link":"https:\/\/dessinemoiunvelo.com\/index.php\/produit\/motobecane-mx41-1982\/","title":{"rendered":"Motob\u00e9cane Mx41 1982-1985"},"content":{"rendered":"<p>Taille 16 pouces, selle Cross Royal, protection guidon en mousse, plaque course, Freins \u00e0 tambours&#8230;<\/p>\n","protected":false},"excerpt":{"rendered":"<p>Le mini v\u00e9lo cross \u00e0 suspension arri\u00e8re de type cantilever, roues \u00e0 b\u00e2tons, Guidon large&#8230; Une v\u00e9ritable petite \u00ab\u00a0moto tout terrain\u00a0\u00bb pour les tr\u00e8s jeunes \u00e0 partir de 4ans. (Origine Cycles Leplain Vannes)<\/p>\n","protected":false},"featured_media":7338,"comment_status":"open","ping_status":"closed","template":"","meta":[],"product_brand":[],"product_cat":[75],"product_tag":[],"class_list":{"0":"post-7358","1":"product","2":"type-product","3":"status-publish","4":"has-post-thumbnail","6":"product_cat-bmx","8":"first","9":"outofstock","10":"taxable","11":"shipping-taxable","12":"product-type-simple"},"_links":{"self":[{"href":"https:\/\/dessinemoiunvelo.com\/index.php\/wp-json\/wp\/v2\/product\/7358","targetHints":{"allow":["GET"]}}],"collection":[{"href":"https:\/\/dessinemoiunvelo.com\/index.php\/wp-json\/wp\/v2\/product"}],"about":[{"href":"https:\/\/dessinemoiunvelo.com\/index.php\/wp-json\/wp\/v2\/types\/product"}],"replies":[{"embeddable":true,"href":"https:\/\/dessinemoiunvelo.com\/index.php\/wp-json\/wp\/v2\/comments?post=7358"}],"wp:featuredmedia":[{"embeddable":true,"href":"https:\/\/dessinemoiunvelo.com\/index.php\/wp-json\/wp\/v2\/media\/7338"}],"wp:attachment":[{"href":"https:\/\/dessinemoiunvelo.com\/index.php\/wp-json\/wp\/v2\/media?parent=7358"}],"wp:term":[{"taxonomy":"product_brand","embeddable":true,"href":"https:\/\/dessinemoiunvelo.com\/index.php\/wp-json\/wp\/v2\/product_brand?post=7358"},{"taxonomy":"product_cat","embeddable":true,"href":"https:\/\/dessinemoiunvelo.com\/index.php\/wp-json\/wp\/v2\/product_cat?post=7358"},{"taxonomy":"product_tag","embeddable":true,"href":"https:\/\/dessinemoiunvelo.com\/index.php\/wp-json\/wp\/v2\/product_tag?post=7358"}],"curies":[{"name":"wp","href":"https:\/\/api.w.org\/{rel}","templated":true}]}}