{"id":7288,"date":"2024-04-09T08:45:44","date_gmt":"2024-04-09T06:45:44","guid":{"rendered":"https:\/\/dessinemoiunvelo.com\/?post_type=product&#038;p=7288"},"modified":"2025-04-06T17:11:47","modified_gmt":"2025-04-06T15:11:47","slug":"motobecane-mx100-1984","status":"publish","type":"product","link":"https:\/\/dessinemoiunvelo.com\/index.php\/produit\/motobecane-mx100-1984\/","title":{"rendered":"Motob\u00e9cane mx100 1984"},"content":{"rendered":"<p><span style=\"font-weight: 400;\">Pneus michelin type comp III 20&#215;1.75 ,<\/span><\/p>\n<p><span style=\"font-weight: 400;\">Potence 4 points ITM,\u00a0<\/span><\/p>\n<p><span style=\"font-weight: 400;\">Guidon Motobecane,\u00a0<\/span><\/p>\n<p><span style=\"font-weight: 400;\">Cadre mx100 Motobecane num\u00e9rot\u00e9 sous le bo\u00eetier et les pattes,\u00a0<\/span><\/p>\n<p><span style=\"font-weight: 400;\">Fourche Profil Motobecane,\u00a0<\/span><\/p>\n<p><span style=\"font-weight: 400;\">Etrier type DC mx901,<\/span><\/p>\n<p><span style=\"font-weight: 400;\">Poign\u00e9es Casanno type A\u2019me cam,\u00a0<\/span><\/p>\n<p><span style=\"font-weight: 400;\">Levier type DC tech4,\u00a0<\/span><\/p>\n<p><span style=\"font-weight: 400;\">Selle type Kashimax,\u00a0<\/span><\/p>\n<p><span style=\"font-weight: 400;\">Collier de serrage style \u201choley\u201d,\u00a0<\/span><\/p>\n<p><span style=\"font-weight: 400;\">Couronne Aero Motobecane\u00a0<\/span><\/p>\n<p><span style=\"font-weight: 400;\">Pad set GT Santa Ana Flite,\u00a0<\/span><\/p>\n<p><span style=\"font-weight: 400;\">Plaque Yop repro<\/span><\/p>\n","protected":false},"excerpt":{"rendered":"<p><span style=\"font-weight: 400;\">Bmx Motob\u00e9cane 1984. Coloris blanc\/vert. Look race old school. En bon \u00e9tat pour son \u00e2ge.\u00a0<\/span><\/p>\n","protected":false},"featured_media":7286,"comment_status":"open","ping_status":"closed","template":"","meta":[],"product_brand":[],"product_cat":[75],"product_tag":[],"class_list":{"0":"post-7288","1":"product","2":"type-product","3":"status-publish","4":"has-post-thumbnail","6":"product_cat-bmx","8":"first","9":"outofstock","10":"taxable","11":"shipping-taxable","12":"product-type-simple"},"_links":{"self":[{"href":"https:\/\/dessinemoiunvelo.com\/index.php\/wp-json\/wp\/v2\/product\/7288","targetHints":{"allow":["GET"]}}],"collection":[{"href":"https:\/\/dessinemoiunvelo.com\/index.php\/wp-json\/wp\/v2\/product"}],"about":[{"href":"https:\/\/dessinemoiunvelo.com\/index.php\/wp-json\/wp\/v2\/types\/product"}],"replies":[{"embeddable":true,"href":"https:\/\/dessinemoiunvelo.com\/index.php\/wp-json\/wp\/v2\/comments?post=7288"}],"wp:featuredmedia":[{"embeddable":true,"href":"https:\/\/dessinemoiunvelo.com\/index.php\/wp-json\/wp\/v2\/media\/7286"}],"wp:attachment":[{"href":"https:\/\/dessinemoiunvelo.com\/index.php\/wp-json\/wp\/v2\/media?parent=7288"}],"wp:term":[{"taxonomy":"product_brand","embeddable":true,"href":"https:\/\/dessinemoiunvelo.com\/index.php\/wp-json\/wp\/v2\/product_brand?post=7288"},{"taxonomy":"product_cat","embeddable":true,"href":"https:\/\/dessinemoiunvelo.com\/index.php\/wp-json\/wp\/v2\/product_cat?post=7288"},{"taxonomy":"product_tag","embeddable":true,"href":"https:\/\/dessinemoiunvelo.com\/index.php\/wp-json\/wp\/v2\/product_tag?post=7288"}],"curies":[{"name":"wp","href":"https:\/\/api.w.org\/{rel}","templated":true}]}}