{"id":7257,"date":"2023-12-26T17:43:24","date_gmt":"2023-12-26T16:43:24","guid":{"rendered":"https:\/\/dessinemoiunvelo.com\/?post_type=product&#038;p=7257"},"modified":"2023-12-26T17:49:03","modified_gmt":"2023-12-26T16:49:03","slug":"peugeot-cpx-101-1984","status":"publish","type":"product","link":"https:\/\/dessinemoiunvelo.com\/index.php\/produit\/peugeot-cpx-101-1984\/","title":{"rendered":"Peugeot CPX 101 1984"},"content":{"rendered":"<p>Cadre et fourche CPX 101 Chrome,<br \/>\nRoues \u00e0 rayons Rigida Superchrome,<br \/>\nPneux rouge\u00a0 type Comp III flanc beige,<br \/>\nPoign\u00e9es Casanno,<br \/>\nPotence Dural 4 points,<br \/>\nM\u00e2choires de frein Dural,<br \/>\nGuidon acier Chrom\u00e9&#8230;<\/p>\n","protected":false},"excerpt":{"rendered":"<div data-pm-slice=\"1 1 []\" data-en-clipboard=\"true\">Bicross Peugeot d&rsquo;entr\u00e9e de gamme octobre 1984. Le chrom\u00e9 du v\u00e9lo pr\u00e9sente quelques piq\u00fbres mais dans l&rsquo;ensemble il a bien travers\u00e9 le temps avec ses pi\u00e8ces d&rsquo;origine.<br \/>\nOn retrouve la cadre mx100 avec les haubans pinc\u00e9s distribu\u00e9 tr\u00e8s largement aussi chez le concurrent\u00a0 Motob\u00e9cane\/MBK.<\/div>\n<div><\/div>\n<div><\/div>\n","protected":false},"featured_media":7258,"comment_status":"open","ping_status":"closed","template":"","meta":[],"product_brand":[],"product_cat":[75],"product_tag":[],"class_list":{"0":"post-7257","1":"product","2":"type-product","3":"status-publish","4":"has-post-thumbnail","6":"product_cat-bmx","8":"first","9":"outofstock","10":"taxable","11":"shipping-taxable","12":"purchasable","13":"product-type-simple"},"_links":{"self":[{"href":"https:\/\/dessinemoiunvelo.com\/index.php\/wp-json\/wp\/v2\/product\/7257","targetHints":{"allow":["GET"]}}],"collection":[{"href":"https:\/\/dessinemoiunvelo.com\/index.php\/wp-json\/wp\/v2\/product"}],"about":[{"href":"https:\/\/dessinemoiunvelo.com\/index.php\/wp-json\/wp\/v2\/types\/product"}],"replies":[{"embeddable":true,"href":"https:\/\/dessinemoiunvelo.com\/index.php\/wp-json\/wp\/v2\/comments?post=7257"}],"wp:featuredmedia":[{"embeddable":true,"href":"https:\/\/dessinemoiunvelo.com\/index.php\/wp-json\/wp\/v2\/media\/7258"}],"wp:attachment":[{"href":"https:\/\/dessinemoiunvelo.com\/index.php\/wp-json\/wp\/v2\/media?parent=7257"}],"wp:term":[{"taxonomy":"product_brand","embeddable":true,"href":"https:\/\/dessinemoiunvelo.com\/index.php\/wp-json\/wp\/v2\/product_brand?post=7257"},{"taxonomy":"product_cat","embeddable":true,"href":"https:\/\/dessinemoiunvelo.com\/index.php\/wp-json\/wp\/v2\/product_cat?post=7257"},{"taxonomy":"product_tag","embeddable":true,"href":"https:\/\/dessinemoiunvelo.com\/index.php\/wp-json\/wp\/v2\/product_tag?post=7257"}],"curies":[{"name":"wp","href":"https:\/\/api.w.org\/{rel}","templated":true}]}}