{"id":725,"date":"2017-01-01T00:00:12","date_gmt":"2017-01-01T00:00:12","guid":{"rendered":"http:\/\/import.getbowtied.com\/shopkeeper-replica\/product\/t-shirt\/"},"modified":"2023-12-26T10:56:38","modified_gmt":"2023-12-26T09:56:38","slug":"t-shirt","status":"publish","type":"product","link":"https:\/\/dessinemoiunvelo.com\/index.php\/produit\/t-shirt\/","title":{"rendered":"Peugeot NS luxe 22 1976"},"content":{"rendered":"<div>\n<div>3 vitesses d\u00e9railleur\u00a0simplex<\/div>\n<div>\u00c9clairage et dynamo Soubitez<\/div>\n<div>Selle Royal confort \u00e0 ressorts<\/div>\n<div>Pneus Michelin flanc blanc<\/div>\n<div>Jantes rigida chromolux<\/div>\n<div>Sonnette<\/div>\n<div>B\u00e9quille<\/div>\n<div>Porte bagage arri\u00e8re<\/div>\n<div>Porte paquet avant avec tendeurs<\/div>\n<div>Selle et guidon r\u00e9glable en hauteur.<\/div>\n<div>Prot\u00e8ge chaine inox<\/div>\n<\/div>\n","protected":false},"excerpt":{"rendered":"<div>\n<div data-pm-slice=\"1 1 []\" data-en-clipboard=\"true\">Peugeot pliant pnsl22 \u00a0550 :\u00a0 Compl\u00e9ment indispensable de votre caravane\u00a0 \u00a0bateau ou camping car. Pliable et de faible encombrement il saura se faire oublier pendant le transport et vous rendre de nombreux service : au terrain de camping, au port ou\u00a0\u00e0 la ville. V\u00e9lo robuste des ann\u00e9es 70 fabrication fran\u00e7aise de\u00a0couleur orange cuivr\u00e9\u00a0m\u00e9tallis\u00e9.<\/div>\n<div><\/div>\n<\/div>\n","protected":false},"featured_media":6883,"comment_status":"closed","ping_status":"closed","template":"","meta":[],"product_brand":[],"product_cat":[74],"product_tag":[],"class_list":{"0":"post-725","1":"product","2":"type-product","3":"status-publish","4":"has-post-thumbnail","6":"product_cat-ville","8":"first","9":"outofstock","10":"taxable","11":"shipping-taxable","12":"purchasable","13":"product-type-simple"},"_links":{"self":[{"href":"https:\/\/dessinemoiunvelo.com\/index.php\/wp-json\/wp\/v2\/product\/725","targetHints":{"allow":["GET"]}}],"collection":[{"href":"https:\/\/dessinemoiunvelo.com\/index.php\/wp-json\/wp\/v2\/product"}],"about":[{"href":"https:\/\/dessinemoiunvelo.com\/index.php\/wp-json\/wp\/v2\/types\/product"}],"replies":[{"embeddable":true,"href":"https:\/\/dessinemoiunvelo.com\/index.php\/wp-json\/wp\/v2\/comments?post=725"}],"wp:featuredmedia":[{"embeddable":true,"href":"https:\/\/dessinemoiunvelo.com\/index.php\/wp-json\/wp\/v2\/media\/6883"}],"wp:attachment":[{"href":"https:\/\/dessinemoiunvelo.com\/index.php\/wp-json\/wp\/v2\/media?parent=725"}],"wp:term":[{"taxonomy":"product_brand","embeddable":true,"href":"https:\/\/dessinemoiunvelo.com\/index.php\/wp-json\/wp\/v2\/product_brand?post=725"},{"taxonomy":"product_cat","embeddable":true,"href":"https:\/\/dessinemoiunvelo.com\/index.php\/wp-json\/wp\/v2\/product_cat?post=725"},{"taxonomy":"product_tag","embeddable":true,"href":"https:\/\/dessinemoiunvelo.com\/index.php\/wp-json\/wp\/v2\/product_tag?post=725"}],"curies":[{"name":"wp","href":"https:\/\/api.w.org\/{rel}","templated":true}]}}