{"id":7239,"date":"2023-12-26T16:54:41","date_gmt":"2023-12-26T15:54:41","guid":{"rendered":"https:\/\/dessinemoiunvelo.com\/?post_type=product&#038;p=7239"},"modified":"2026-02-01T19:11:36","modified_gmt":"2026-02-01T18:11:36","slug":"peugeot-cpx-310-1982","status":"publish","type":"product","link":"https:\/\/dessinemoiunvelo.com\/index.php\/produit\/peugeot-cpx-310-1982\/","title":{"rendered":"Peugeot CPX 310 1982"},"content":{"rendered":"<div>2 vitesses au moyeu arri\u00e8re shimano,<br \/>\nShifter shimano au guidon,<br \/>\nFrein tambour avant,<br \/>\nSuspension centrale,<br \/>\nFourche avant t\u00e9lescopique,<br \/>\nMachoire de frein arri\u00e8re polygone,<br \/>\nMousse de protection guidon origianle,<br \/>\nSelle banane avec housse refaite,<br \/>\nCatadioptres avant et arri\u00e8re,<br \/>\nGardes boues&#8230;<\/div>\n","protected":false},"excerpt":{"rendered":"<div data-pm-slice=\"1 1 []\" data-en-clipboard=\"true\">Pour amoureux de beaux v\u00e9los. Peugeot Cpx310 1982. Compl\u00e8tement d&rsquo;origine dans un \u00e9tat exceptionnel peinture et sticker d&rsquo;origine.<\/div>\n<div>Une vraie p\u00e9pite ! (Origine Cycles Debloos \/ Motos Yamaha\u00a0 &#8211; Arras)<\/div>\n","protected":false},"featured_media":7241,"comment_status":"open","ping_status":"closed","template":"","meta":[],"product_brand":[],"product_cat":[75],"product_tag":[],"class_list":{"0":"post-7239","1":"product","2":"type-product","3":"status-publish","4":"has-post-thumbnail","6":"product_cat-bmx","8":"first","9":"outofstock","10":"taxable","11":"shipping-taxable","12":"product-type-simple"},"_links":{"self":[{"href":"https:\/\/dessinemoiunvelo.com\/index.php\/wp-json\/wp\/v2\/product\/7239","targetHints":{"allow":["GET"]}}],"collection":[{"href":"https:\/\/dessinemoiunvelo.com\/index.php\/wp-json\/wp\/v2\/product"}],"about":[{"href":"https:\/\/dessinemoiunvelo.com\/index.php\/wp-json\/wp\/v2\/types\/product"}],"replies":[{"embeddable":true,"href":"https:\/\/dessinemoiunvelo.com\/index.php\/wp-json\/wp\/v2\/comments?post=7239"}],"wp:featuredmedia":[{"embeddable":true,"href":"https:\/\/dessinemoiunvelo.com\/index.php\/wp-json\/wp\/v2\/media\/7241"}],"wp:attachment":[{"href":"https:\/\/dessinemoiunvelo.com\/index.php\/wp-json\/wp\/v2\/media?parent=7239"}],"wp:term":[{"taxonomy":"product_brand","embeddable":true,"href":"https:\/\/dessinemoiunvelo.com\/index.php\/wp-json\/wp\/v2\/product_brand?post=7239"},{"taxonomy":"product_cat","embeddable":true,"href":"https:\/\/dessinemoiunvelo.com\/index.php\/wp-json\/wp\/v2\/product_cat?post=7239"},{"taxonomy":"product_tag","embeddable":true,"href":"https:\/\/dessinemoiunvelo.com\/index.php\/wp-json\/wp\/v2\/product_tag?post=7239"}],"curies":[{"name":"wp","href":"https:\/\/api.w.org\/{rel}","templated":true}]}}