{"id":7148,"date":"2023-12-26T15:08:45","date_gmt":"2023-12-26T14:08:45","guid":{"rendered":"https:\/\/dessinemoiunvelo.com\/?post_type=product&#038;p=7148"},"modified":"2026-02-18T00:30:09","modified_gmt":"2026-02-17T23:30:09","slug":"7148","status":"publish","type":"product","link":"https:\/\/dessinemoiunvelo.com\/index.php\/produit\/7148\/","title":{"rendered":"Fun Scoot R\u00e9plica MBK"},"content":{"rendered":"<p>Roues b\u00e2tons 5 branches,<br \/>\nPneus cross,<br \/>\nPoign\u00e9es type Mushroom orange,<br \/>\nColoris bleu ciel \/ orange,<br \/>\nM\u00e2choires Weinmann BMX Blanches.<br \/>\nLeviers type Tech V\u00a0 bicolore&#8230;<\/p>\n","protected":false},"excerpt":{"rendered":"<p>A mi-chemin entre un bmx, un skate et une trottinette. Pour frimer et tenter des figures au skate parc ou chercher la baguette pour les moins t\u00e9m\u00e9raires. La g\u00e9om\u00e9trie, les pattes soud\u00e9es sont assez similaires au mod\u00e8le MBK funscoot&#8230;<\/p>\n","protected":false},"featured_media":7149,"comment_status":"open","ping_status":"closed","template":"","meta":[],"product_brand":[],"product_cat":[15],"product_tag":[],"class_list":{"0":"post-7148","1":"product","2":"type-product","3":"status-publish","4":"has-post-thumbnail","6":"product_cat-divers","8":"first","9":"outofstock","10":"taxable","11":"shipping-taxable","12":"purchasable","13":"product-type-simple"},"_links":{"self":[{"href":"https:\/\/dessinemoiunvelo.com\/index.php\/wp-json\/wp\/v2\/product\/7148","targetHints":{"allow":["GET"]}}],"collection":[{"href":"https:\/\/dessinemoiunvelo.com\/index.php\/wp-json\/wp\/v2\/product"}],"about":[{"href":"https:\/\/dessinemoiunvelo.com\/index.php\/wp-json\/wp\/v2\/types\/product"}],"replies":[{"embeddable":true,"href":"https:\/\/dessinemoiunvelo.com\/index.php\/wp-json\/wp\/v2\/comments?post=7148"}],"wp:featuredmedia":[{"embeddable":true,"href":"https:\/\/dessinemoiunvelo.com\/index.php\/wp-json\/wp\/v2\/media\/7149"}],"wp:attachment":[{"href":"https:\/\/dessinemoiunvelo.com\/index.php\/wp-json\/wp\/v2\/media?parent=7148"}],"wp:term":[{"taxonomy":"product_brand","embeddable":true,"href":"https:\/\/dessinemoiunvelo.com\/index.php\/wp-json\/wp\/v2\/product_brand?post=7148"},{"taxonomy":"product_cat","embeddable":true,"href":"https:\/\/dessinemoiunvelo.com\/index.php\/wp-json\/wp\/v2\/product_cat?post=7148"},{"taxonomy":"product_tag","embeddable":true,"href":"https:\/\/dessinemoiunvelo.com\/index.php\/wp-json\/wp\/v2\/product_tag?post=7148"}],"curies":[{"name":"wp","href":"https:\/\/api.w.org\/{rel}","templated":true}]}}