{"id":7135,"date":"2023-12-26T14:49:07","date_gmt":"2023-12-26T13:49:07","guid":{"rendered":"https:\/\/dessinemoiunvelo.com\/?post_type=product&#038;p=7135"},"modified":"2023-12-26T17:47:44","modified_gmt":"2023-12-26T16:47:44","slug":"peugeot-cpx-101-1985","status":"publish","type":"product","link":"https:\/\/dessinemoiunvelo.com\/index.php\/produit\/peugeot-cpx-101-1985\/","title":{"rendered":"Peugeot CPX 101 1985"},"content":{"rendered":"<div>Roues rayons Rigida chromolux 20 pouces,<\/div>\n<div>Roue libre atom,<\/div>\n<div>P\u00e9dalier Aero monobloc,<\/div>\n<div>Mousses de protection cadre et guidon,<br \/>\nM\u00e2choires de freins Dural,<\/div>\n<div>Potence 4 points Dural,<br \/>\nGuidon acier chrome type espace,<br \/>\nPoign\u00e9es et protection de main Cassano&#8230;<\/div>\n<div><\/div>\n","protected":false},"excerpt":{"rendered":"<p>Un \u00ab\u00a0bicross\u00a0\u00bb entr\u00e9e de gamme assez proche de sa configuration originale.<br \/>\nOn retrouve la cadre mx100 avec les haubans pinc\u00e9s distribu\u00e9 tr\u00e8s largement aussi chez Motob\u00e9cane.<\/p>\n","protected":false},"featured_media":7136,"comment_status":"open","ping_status":"closed","template":"","meta":[],"product_brand":[],"product_cat":[75],"product_tag":[],"class_list":{"0":"post-7135","1":"product","2":"type-product","3":"status-publish","4":"has-post-thumbnail","6":"product_cat-bmx","8":"first","9":"outofstock","10":"taxable","11":"shipping-taxable","12":"purchasable","13":"product-type-simple"},"_links":{"self":[{"href":"https:\/\/dessinemoiunvelo.com\/index.php\/wp-json\/wp\/v2\/product\/7135","targetHints":{"allow":["GET"]}}],"collection":[{"href":"https:\/\/dessinemoiunvelo.com\/index.php\/wp-json\/wp\/v2\/product"}],"about":[{"href":"https:\/\/dessinemoiunvelo.com\/index.php\/wp-json\/wp\/v2\/types\/product"}],"replies":[{"embeddable":true,"href":"https:\/\/dessinemoiunvelo.com\/index.php\/wp-json\/wp\/v2\/comments?post=7135"}],"wp:featuredmedia":[{"embeddable":true,"href":"https:\/\/dessinemoiunvelo.com\/index.php\/wp-json\/wp\/v2\/media\/7136"}],"wp:attachment":[{"href":"https:\/\/dessinemoiunvelo.com\/index.php\/wp-json\/wp\/v2\/media?parent=7135"}],"wp:term":[{"taxonomy":"product_brand","embeddable":true,"href":"https:\/\/dessinemoiunvelo.com\/index.php\/wp-json\/wp\/v2\/product_brand?post=7135"},{"taxonomy":"product_cat","embeddable":true,"href":"https:\/\/dessinemoiunvelo.com\/index.php\/wp-json\/wp\/v2\/product_cat?post=7135"},{"taxonomy":"product_tag","embeddable":true,"href":"https:\/\/dessinemoiunvelo.com\/index.php\/wp-json\/wp\/v2\/product_tag?post=7135"}],"curies":[{"name":"wp","href":"https:\/\/api.w.org\/{rel}","templated":true}]}}