{"id":7113,"date":"2023-12-26T14:22:33","date_gmt":"2023-12-26T13:22:33","guid":{"rendered":"https:\/\/dessinemoiunvelo.com\/?post_type=product&#038;p=7113"},"modified":"2026-02-01T21:09:10","modified_gmt":"2026-02-01T20:09:10","slug":"gt-aggressor-2012","status":"publish","type":"product","link":"https:\/\/dessinemoiunvelo.com\/index.php\/produit\/gt-aggressor-2012\/","title":{"rendered":"GT Aggressor 2012"},"content":{"rendered":"<p>Cadre Alu GT Triple triangle Technology,<br \/>\nPedales Alu Nukeproof,<br \/>\nFourche XC RockShox,<br \/>\nRoues Mavic Crossride,<br \/>\nTransmission Shimano,<br \/>\nCollier de selle Hope&#8230;<\/p>\n","protected":false},"excerpt":{"rendered":"<p>GT Aggressor 26 pouces Taille M. V\u00e9lo l\u00e9ger, maniable et polyvalent que j&rsquo;ai gard\u00e9 et upgrad\u00e9 une petite dizaine d&rsquo;ann\u00e9e pour d\u00e9buter et pratiquer le XC.<\/p>\n","protected":false},"featured_media":7114,"comment_status":"open","ping_status":"closed","template":"","meta":[],"product_brand":[],"product_cat":[78],"product_tag":[],"class_list":{"0":"post-7113","1":"product","2":"type-product","3":"status-publish","4":"has-post-thumbnail","6":"product_cat-vtt","8":"first","9":"outofstock","10":"taxable","11":"shipping-taxable","12":"purchasable","13":"product-type-simple"},"_links":{"self":[{"href":"https:\/\/dessinemoiunvelo.com\/index.php\/wp-json\/wp\/v2\/product\/7113","targetHints":{"allow":["GET"]}}],"collection":[{"href":"https:\/\/dessinemoiunvelo.com\/index.php\/wp-json\/wp\/v2\/product"}],"about":[{"href":"https:\/\/dessinemoiunvelo.com\/index.php\/wp-json\/wp\/v2\/types\/product"}],"replies":[{"embeddable":true,"href":"https:\/\/dessinemoiunvelo.com\/index.php\/wp-json\/wp\/v2\/comments?post=7113"}],"wp:featuredmedia":[{"embeddable":true,"href":"https:\/\/dessinemoiunvelo.com\/index.php\/wp-json\/wp\/v2\/media\/7114"}],"wp:attachment":[{"href":"https:\/\/dessinemoiunvelo.com\/index.php\/wp-json\/wp\/v2\/media?parent=7113"}],"wp:term":[{"taxonomy":"product_brand","embeddable":true,"href":"https:\/\/dessinemoiunvelo.com\/index.php\/wp-json\/wp\/v2\/product_brand?post=7113"},{"taxonomy":"product_cat","embeddable":true,"href":"https:\/\/dessinemoiunvelo.com\/index.php\/wp-json\/wp\/v2\/product_cat?post=7113"},{"taxonomy":"product_tag","embeddable":true,"href":"https:\/\/dessinemoiunvelo.com\/index.php\/wp-json\/wp\/v2\/product_tag?post=7113"}],"curies":[{"name":"wp","href":"https:\/\/api.w.org\/{rel}","templated":true}]}}