{"id":7088,"date":"2023-12-26T11:31:12","date_gmt":"2023-12-26T10:31:12","guid":{"rendered":"https:\/\/dessinemoiunvelo.com\/?post_type=product&#038;p=7088"},"modified":"2026-02-01T21:08:44","modified_gmt":"2026-02-01T20:08:44","slug":"dyno-freestyle-90s","status":"publish","type":"product","link":"https:\/\/dessinemoiunvelo.com\/index.php\/produit\/dyno-freestyle-90s\/","title":{"rendered":"Dyno freestyle 90&rsquo;s"},"content":{"rendered":"<p>Equipement mid \/ old school :<br \/>\nPneus Haro multisurface2<br \/>\nCale pieds avant type GT,<br \/>\nCale pieds arri\u00e8re type GT,<br \/>\nSelle noire type Dominator,<br \/>\nRotor ACS,<br \/>\nLeviers de frein 2 doigts LeeChi,<br \/>\nM\u00e2choires de freins cantilver type mx1000&#8230;<\/p>\n","protected":false},"excerpt":{"rendered":"<p>Le charme du old school pour ce\u00a0 cadre fourche Dyno Zone inspir\u00e9e des lignes intemporelles du mod\u00e8le Compe malgr\u00e9 le \u00ab\u00a0downtube oversized\u00a0\u00bb on est pas encore sur le v-brake.<br \/>\nUn kit gris\/rose rid\u00e9 par la l\u00e9gende Dave Nourie qui m&rsquo;avait fait r\u00eav\u00e9 \u00e0 l&rsquo;\u00e9poque dans les pages de bicross magazine 46 f\u00e9vrier 1986.<\/p>\n","protected":false},"featured_media":7089,"comment_status":"open","ping_status":"closed","template":"","meta":[],"product_brand":[],"product_cat":[75],"product_tag":[],"class_list":{"0":"post-7088","1":"product","2":"type-product","3":"status-publish","4":"has-post-thumbnail","6":"product_cat-bmx","8":"first","9":"outofstock","10":"taxable","11":"shipping-taxable","12":"product-type-simple"},"_links":{"self":[{"href":"https:\/\/dessinemoiunvelo.com\/index.php\/wp-json\/wp\/v2\/product\/7088","targetHints":{"allow":["GET"]}}],"collection":[{"href":"https:\/\/dessinemoiunvelo.com\/index.php\/wp-json\/wp\/v2\/product"}],"about":[{"href":"https:\/\/dessinemoiunvelo.com\/index.php\/wp-json\/wp\/v2\/types\/product"}],"replies":[{"embeddable":true,"href":"https:\/\/dessinemoiunvelo.com\/index.php\/wp-json\/wp\/v2\/comments?post=7088"}],"wp:featuredmedia":[{"embeddable":true,"href":"https:\/\/dessinemoiunvelo.com\/index.php\/wp-json\/wp\/v2\/media\/7089"}],"wp:attachment":[{"href":"https:\/\/dessinemoiunvelo.com\/index.php\/wp-json\/wp\/v2\/media?parent=7088"}],"wp:term":[{"taxonomy":"product_brand","embeddable":true,"href":"https:\/\/dessinemoiunvelo.com\/index.php\/wp-json\/wp\/v2\/product_brand?post=7088"},{"taxonomy":"product_cat","embeddable":true,"href":"https:\/\/dessinemoiunvelo.com\/index.php\/wp-json\/wp\/v2\/product_cat?post=7088"},{"taxonomy":"product_tag","embeddable":true,"href":"https:\/\/dessinemoiunvelo.com\/index.php\/wp-json\/wp\/v2\/product_tag?post=7088"}],"curies":[{"name":"wp","href":"https:\/\/api.w.org\/{rel}","templated":true}]}}