{"id":7078,"date":"2023-12-26T11:11:26","date_gmt":"2023-12-26T10:11:26","guid":{"rendered":"https:\/\/dessinemoiunvelo.com\/?post_type=product&#038;p=7078"},"modified":"2025-01-14T23:14:16","modified_gmt":"2025-01-14T22:14:16","slug":"mbk-fun-rider-1995","status":"publish","type":"product","link":"https:\/\/dessinemoiunvelo.com\/index.php\/produit\/mbk-fun-rider-1995\/","title":{"rendered":"MBK Fun Rider 1995"},"content":{"rendered":"<div data-pm-slice=\"1 1 []\" data-en-clipboard=\"true\">Poignees Haro bmx souple \u00e0 collerette,<\/div>\n<div>Guidon mx avec pontet,<br \/>\nEnsemble de protection mbk team,<\/div>\n<div>Freins Cantilever,<\/div>\n<div>Catadipotres,<\/div>\n<div>Potence aluminium serrage 4 points,<\/div>\n<div>Jantes 26 pouces Rigida aluminium,<\/div>\n<div>Moyeux Sach made in France,<\/div>\n<div>18 vitesses D\u00e9railleur Shimano SIS,<\/div>\n<div>Pneus ballons 2.3\u00a0 flancs blancs,<\/div>\n<div>Bequille&#8230;<\/div>\n<div><\/div>\n","protected":false},"excerpt":{"rendered":"<div data-pm-slice=\"1 1 []\" data-en-clipboard=\"true\">Un look d&rsquo;enfer avec ses couleurs 90&rsquo;s bien flashy. Il est \u00e9quip\u00e9 d&rsquo;un guidon large et relev\u00e9 type Cruiser pour une posture droite et confortable, avec des pneus ballons pour un usage urbain et loisirs.<\/div>\n","protected":false},"featured_media":7079,"comment_status":"open","ping_status":"closed","template":"","meta":[],"product_brand":[],"product_cat":[78],"product_tag":[],"class_list":{"0":"post-7078","1":"product","2":"type-product","3":"status-publish","4":"has-post-thumbnail","6":"product_cat-vtt","8":"first","9":"outofstock","10":"taxable","11":"shipping-taxable","12":"purchasable","13":"product-type-simple"},"_links":{"self":[{"href":"https:\/\/dessinemoiunvelo.com\/index.php\/wp-json\/wp\/v2\/product\/7078","targetHints":{"allow":["GET"]}}],"collection":[{"href":"https:\/\/dessinemoiunvelo.com\/index.php\/wp-json\/wp\/v2\/product"}],"about":[{"href":"https:\/\/dessinemoiunvelo.com\/index.php\/wp-json\/wp\/v2\/types\/product"}],"replies":[{"embeddable":true,"href":"https:\/\/dessinemoiunvelo.com\/index.php\/wp-json\/wp\/v2\/comments?post=7078"}],"wp:featuredmedia":[{"embeddable":true,"href":"https:\/\/dessinemoiunvelo.com\/index.php\/wp-json\/wp\/v2\/media\/7079"}],"wp:attachment":[{"href":"https:\/\/dessinemoiunvelo.com\/index.php\/wp-json\/wp\/v2\/media?parent=7078"}],"wp:term":[{"taxonomy":"product_brand","embeddable":true,"href":"https:\/\/dessinemoiunvelo.com\/index.php\/wp-json\/wp\/v2\/product_brand?post=7078"},{"taxonomy":"product_cat","embeddable":true,"href":"https:\/\/dessinemoiunvelo.com\/index.php\/wp-json\/wp\/v2\/product_cat?post=7078"},{"taxonomy":"product_tag","embeddable":true,"href":"https:\/\/dessinemoiunvelo.com\/index.php\/wp-json\/wp\/v2\/product_tag?post=7078"}],"curies":[{"name":"wp","href":"https:\/\/api.w.org\/{rel}","templated":true}]}}