{"id":6992,"date":"2020-12-25T15:50:20","date_gmt":"2020-12-25T14:50:20","guid":{"rendered":"https:\/\/dessinemoiunvelo.com\/?post_type=product&#038;p=6992"},"modified":"2026-02-01T19:13:24","modified_gmt":"2026-02-01T18:13:24","slug":"velo2000-mini20-1985","status":"publish","type":"product","link":"https:\/\/dessinemoiunvelo.com\/index.php\/produit\/velo2000-mini20-1985\/","title":{"rendered":"V\u00e9lo2000 mini20 1985"},"content":{"rendered":"<div>Cadre 3 tubes chromoly,<\/div>\n<p><!--more--><\/p>\n<div>Fourche chromoly,<\/div>\n<div>Guidon chromoly,<\/div>\n<div>Pneus origine motobegoose 2.1,<\/div>\n<div>Jantes rigida 20 pouces,<\/div>\n<div>P\u00e9dalier challenger anodis\u00e9,<\/div>\n<div>Leviers tech4 dia compe,<\/div>\n<div>Etrier weinmann anodis\u00e9,<\/div>\n<div>Collier bmx anodis\u00e9,<\/div>\n<div>Jeu de direction Tioga&#8230;<\/div>\n","protected":false},"excerpt":{"rendered":"<p>Plus c&rsquo;est petit, plus c&rsquo;est mignon ! D\u00e9trompez-vous ce bmx (dans son jus) est \u00e9tudi\u00e9 pour les racers en herbe.<\/p>\n","protected":false},"featured_media":6998,"comment_status":"open","ping_status":"closed","template":"","meta":[],"product_brand":[],"product_cat":[75],"product_tag":[],"class_list":{"0":"post-6992","1":"product","2":"type-product","3":"status-publish","4":"has-post-thumbnail","6":"product_cat-bmx","8":"first","9":"outofstock","10":"taxable","11":"shipping-taxable","12":"product-type-simple"},"_links":{"self":[{"href":"https:\/\/dessinemoiunvelo.com\/index.php\/wp-json\/wp\/v2\/product\/6992","targetHints":{"allow":["GET"]}}],"collection":[{"href":"https:\/\/dessinemoiunvelo.com\/index.php\/wp-json\/wp\/v2\/product"}],"about":[{"href":"https:\/\/dessinemoiunvelo.com\/index.php\/wp-json\/wp\/v2\/types\/product"}],"replies":[{"embeddable":true,"href":"https:\/\/dessinemoiunvelo.com\/index.php\/wp-json\/wp\/v2\/comments?post=6992"}],"wp:featuredmedia":[{"embeddable":true,"href":"https:\/\/dessinemoiunvelo.com\/index.php\/wp-json\/wp\/v2\/media\/6998"}],"wp:attachment":[{"href":"https:\/\/dessinemoiunvelo.com\/index.php\/wp-json\/wp\/v2\/media?parent=6992"}],"wp:term":[{"taxonomy":"product_brand","embeddable":true,"href":"https:\/\/dessinemoiunvelo.com\/index.php\/wp-json\/wp\/v2\/product_brand?post=6992"},{"taxonomy":"product_cat","embeddable":true,"href":"https:\/\/dessinemoiunvelo.com\/index.php\/wp-json\/wp\/v2\/product_cat?post=6992"},{"taxonomy":"product_tag","embeddable":true,"href":"https:\/\/dessinemoiunvelo.com\/index.php\/wp-json\/wp\/v2\/product_tag?post=6992"}],"curies":[{"name":"wp","href":"https:\/\/api.w.org\/{rel}","templated":true}]}}