{"id":6937,"date":"2020-09-24T11:27:10","date_gmt":"2020-09-24T09:27:10","guid":{"rendered":"https:\/\/dessinemoiunvelo.com\/?post_type=product&#038;p=6937"},"modified":"2024-01-05T17:40:59","modified_gmt":"2024-01-05T16:40:59","slug":"replica-haro-master-90s","status":"publish","type":"product","link":"https:\/\/dessinemoiunvelo.com\/index.php\/produit\/replica-haro-master-90s\/","title":{"rendered":"Replica Haro Master 90&rsquo;s"},"content":{"rendered":"<p>Selle Redline freestyle Dropnose<br \/>\nGrips Redline<br \/>\nEtrier de frein avant Dia comp\u00e9 \u00ab\u00a0Bull Dog\u00a0\u00bb<br \/>\nPneus street X-Performer<br \/>\nTige de selle coud\u00e9e chromoly<br \/>\n4 pegs alu<\/p>\n","protected":false},"excerpt":{"rendered":"<p><strong>Bmx freestyle des ann\u00e9es 90<\/strong>. Tr\u00e8s l\u00e9ger. Le cadre chrom\u00e9 de bonne facture a une g\u00e9ometrie identique au mod\u00e8le Haro Master Team et Zippo.<br \/>\nTube sup\u00e9rieur \u00ab\u00a0twin top\u00a0\u00bb et tube oblique \u00ab\u00a0oversized\u00a0\u00bb. Les stickers Haro Freestyler ne sont donc malheuresement pas d&rsquo;origine. Mais le charme r\u00e9tro des couleurs op\u00e8re bien\u00a0 \ud83d\ude42<\/p>\n<p>&nbsp;<\/p>\n","protected":false},"featured_media":6945,"comment_status":"open","ping_status":"closed","template":"","meta":[],"product_brand":[],"product_cat":[75],"product_tag":[],"class_list":{"0":"post-6937","1":"product","2":"type-product","3":"status-publish","4":"has-post-thumbnail","6":"product_cat-bmx","8":"first","9":"outofstock","10":"taxable","11":"shipping-taxable","12":"purchasable","13":"product-type-simple"},"_links":{"self":[{"href":"https:\/\/dessinemoiunvelo.com\/index.php\/wp-json\/wp\/v2\/product\/6937","targetHints":{"allow":["GET"]}}],"collection":[{"href":"https:\/\/dessinemoiunvelo.com\/index.php\/wp-json\/wp\/v2\/product"}],"about":[{"href":"https:\/\/dessinemoiunvelo.com\/index.php\/wp-json\/wp\/v2\/types\/product"}],"replies":[{"embeddable":true,"href":"https:\/\/dessinemoiunvelo.com\/index.php\/wp-json\/wp\/v2\/comments?post=6937"}],"wp:featuredmedia":[{"embeddable":true,"href":"https:\/\/dessinemoiunvelo.com\/index.php\/wp-json\/wp\/v2\/media\/6945"}],"wp:attachment":[{"href":"https:\/\/dessinemoiunvelo.com\/index.php\/wp-json\/wp\/v2\/media?parent=6937"}],"wp:term":[{"taxonomy":"product_brand","embeddable":true,"href":"https:\/\/dessinemoiunvelo.com\/index.php\/wp-json\/wp\/v2\/product_brand?post=6937"},{"taxonomy":"product_cat","embeddable":true,"href":"https:\/\/dessinemoiunvelo.com\/index.php\/wp-json\/wp\/v2\/product_cat?post=6937"},{"taxonomy":"product_tag","embeddable":true,"href":"https:\/\/dessinemoiunvelo.com\/index.php\/wp-json\/wp\/v2\/product_tag?post=6937"}],"curies":[{"name":"wp","href":"https:\/\/api.w.org\/{rel}","templated":true}]}}