{"id":6911,"date":"2020-09-17T12:13:41","date_gmt":"2020-09-17T10:13:41","guid":{"rendered":"https:\/\/dessinemoiunvelo.com\/?post_type=product&#038;p=6911"},"modified":"2023-12-26T10:53:49","modified_gmt":"2023-12-26T09:53:49","slug":"redline-rl340-1994","status":"publish","type":"product","link":"https:\/\/dessinemoiunvelo.com\/index.php\/produit\/redline-rl340-1994\/","title":{"rendered":"Redline RL340 1996"},"content":{"rendered":"<div>Cadre et fourche RL\u00a0Hi-tense tubing acier CHROM\u00c9 +\u00a0\u00c9quipement original Redline. P\u00e9dalier monobloc chromoly 44\u00a0dents\u00a0RL, jantes 20 pouces aluminium RL, pneus nylon crampons RL\u00a01.75 AR\u00a0et 2.0 AV, tige de selle chromoly RL,\u00a0potence 4 points RL, collier de selle noir RL. Guidon large\u00a0type Espace\/CW acier, Selle rouge type mx San marco , Poign\u00e9es r\u00e9tro motif \u00e9toiles rouge et noir,\u00a0Protection en mousse sur le\u00a0cadre et la\u00a0potence, freins AR cantilever, p\u00e9dales VP\u00a0alu type pi\u00e8ge \u00e0 loup.<\/div>\n","protected":false},"excerpt":{"rendered":"<div><strong>Bmx Redline mod\u00e8le RL-340 1996<\/strong><\/div>\n<div><\/div>\n","protected":false},"featured_media":6854,"comment_status":"open","ping_status":"closed","template":"","meta":[],"product_brand":[],"product_cat":[75],"product_tag":[],"class_list":{"0":"post-6911","1":"product","2":"type-product","3":"status-publish","4":"has-post-thumbnail","6":"product_cat-bmx","8":"first","9":"outofstock","10":"taxable","11":"shipping-taxable","12":"purchasable","13":"product-type-simple"},"_links":{"self":[{"href":"https:\/\/dessinemoiunvelo.com\/index.php\/wp-json\/wp\/v2\/product\/6911","targetHints":{"allow":["GET"]}}],"collection":[{"href":"https:\/\/dessinemoiunvelo.com\/index.php\/wp-json\/wp\/v2\/product"}],"about":[{"href":"https:\/\/dessinemoiunvelo.com\/index.php\/wp-json\/wp\/v2\/types\/product"}],"replies":[{"embeddable":true,"href":"https:\/\/dessinemoiunvelo.com\/index.php\/wp-json\/wp\/v2\/comments?post=6911"}],"wp:featuredmedia":[{"embeddable":true,"href":"https:\/\/dessinemoiunvelo.com\/index.php\/wp-json\/wp\/v2\/media\/6854"}],"wp:attachment":[{"href":"https:\/\/dessinemoiunvelo.com\/index.php\/wp-json\/wp\/v2\/media?parent=6911"}],"wp:term":[{"taxonomy":"product_brand","embeddable":true,"href":"https:\/\/dessinemoiunvelo.com\/index.php\/wp-json\/wp\/v2\/product_brand?post=6911"},{"taxonomy":"product_cat","embeddable":true,"href":"https:\/\/dessinemoiunvelo.com\/index.php\/wp-json\/wp\/v2\/product_cat?post=6911"},{"taxonomy":"product_tag","embeddable":true,"href":"https:\/\/dessinemoiunvelo.com\/index.php\/wp-json\/wp\/v2\/product_tag?post=6911"}],"curies":[{"name":"wp","href":"https:\/\/api.w.org\/{rel}","templated":true}]}}