{"id":2843,"date":"2016-11-07T12:45:31","date_gmt":"2016-11-07T12:45:31","guid":{"rendered":"http:\/\/import.getbowtied.com\/shopkeeper-replica\/?post_type=product&#038;p=2843"},"modified":"2023-12-26T16:30:23","modified_gmt":"2023-12-26T15:30:23","slug":"digital-download","status":"publish","type":"product","link":"https:\/\/dessinemoiunvelo.com\/index.php\/produit\/digital-download\/","title":{"rendered":"Replica MBK Fun Scoot 80&rsquo;s"},"content":{"rendered":"<div data-pm-slice=\"1 1 []\" data-en-clipboard=\"true\">\n<div>Poign\u00e9es noires type mushroom.<\/div>\n<div>Leviers frein noirs type dural<\/div>\n<div>Etriers frein type\u00a0weinmann.<\/div>\n<div>Cadre &amp;\u00a0fourche tubes\u00a0acier chrome.<\/div>\n<div>Cintre\u00a0de type bmx chrome.<\/div>\n<div>Pneus cross noirs gonflables flanc beige type comp\u00e9\u00a03 un peu fatigu\u00e9s mais pr\u00e9sentent\u00a0encore bien.<\/div>\n<div>Jantes b\u00e2tons noires 5 branches 12 pouces.<\/div>\n<div>Potence type\u00a0dural noire\u00a0fixation 4 points\u00a0avec pivot permettant un r\u00e9glage en\u00a0hauteur assez important.<\/div>\n<div>Protections en\u00a0mousse noires.<\/div>\n<\/div>\n","protected":false},"excerpt":{"rendered":"<div data-pm-slice=\"1 1 []\" data-en-clipboard=\"true\">\n<p>Belle R\u00e9plique du mbk Fun-Scoot des ann\u00e9es 80. Je n&rsquo;ai pas trouv\u00e9 beaucoup d&rsquo;info sur ce mod\u00e8le mais il y a beaucoup de similitudes avec l&rsquo;original et un num\u00e9ro de s\u00e9rie grav\u00e9 sur le devant du chassis. A mi-chemin entre un bicross et une trottinette, \u00e9quip\u00e9 d&rsquo;une plate-forme de skate, c&rsquo;est un concept original de bonne qualit\u00e9 assez rare \u00e0 trouver dans cet \u00e9tat.<\/p>\n<\/div>\n<div><\/div>\n<div><\/div>\n","protected":false},"featured_media":6863,"comment_status":"closed","ping_status":"closed","template":"","meta":[],"product_brand":[],"product_cat":[15],"product_tag":[],"class_list":{"0":"post-2843","1":"product","2":"type-product","3":"status-publish","4":"has-post-thumbnail","6":"product_cat-divers","8":"first","9":"outofstock","10":"taxable","11":"shipping-taxable","12":"purchasable","13":"product-type-simple"},"_links":{"self":[{"href":"https:\/\/dessinemoiunvelo.com\/index.php\/wp-json\/wp\/v2\/product\/2843","targetHints":{"allow":["GET"]}}],"collection":[{"href":"https:\/\/dessinemoiunvelo.com\/index.php\/wp-json\/wp\/v2\/product"}],"about":[{"href":"https:\/\/dessinemoiunvelo.com\/index.php\/wp-json\/wp\/v2\/types\/product"}],"replies":[{"embeddable":true,"href":"https:\/\/dessinemoiunvelo.com\/index.php\/wp-json\/wp\/v2\/comments?post=2843"}],"wp:featuredmedia":[{"embeddable":true,"href":"https:\/\/dessinemoiunvelo.com\/index.php\/wp-json\/wp\/v2\/media\/6863"}],"wp:attachment":[{"href":"https:\/\/dessinemoiunvelo.com\/index.php\/wp-json\/wp\/v2\/media?parent=2843"}],"wp:term":[{"taxonomy":"product_brand","embeddable":true,"href":"https:\/\/dessinemoiunvelo.com\/index.php\/wp-json\/wp\/v2\/product_brand?post=2843"},{"taxonomy":"product_cat","embeddable":true,"href":"https:\/\/dessinemoiunvelo.com\/index.php\/wp-json\/wp\/v2\/product_cat?post=2843"},{"taxonomy":"product_tag","embeddable":true,"href":"https:\/\/dessinemoiunvelo.com\/index.php\/wp-json\/wp\/v2\/product_tag?post=2843"}],"curies":[{"name":"wp","href":"https:\/\/api.w.org\/{rel}","templated":true}]}}