{"id":13,"date":"2019-09-28T18:27:23","date_gmt":"2019-09-28T16:27:23","guid":{"rendered":"https:\/\/dessinemoiunvelo.com\/?post_type=product&#038;p=13"},"modified":"2026-02-01T21:09:10","modified_gmt":"2026-02-01T20:09:10","slug":"produit-1","status":"publish","type":"product","link":"https:\/\/dessinemoiunvelo.com\/index.php\/produit\/produit-1\/","title":{"rendered":"MBK type New White 80s"},"content":{"rendered":"<p>P\u00e9dalier A\u00e9ro, potence Dural, guidon espace, freins Weinmann, poign\u00e9es Cassano, selle GES, Roues 6 b\u00e2tons Reflector Bernardi 20 pouces, pneus blancs 1.75 nylon flanc beige&#8230;<\/p>\n","protected":false},"excerpt":{"rendered":"<p><strong>Bmx MBK avec cadre mx 100 &amp; fourche Profil.\u00a0<\/strong><\/p>\n<div data-pm-slice=\"1 1 []\" data-en-clipboard=\"true\">Habituellement ce mod\u00e8le est distribu\u00e9 sur un cadre Mx200 et non mx100 ce n&rsquo;est donc pas un mod\u00e8le original. Origine Cycles Vincent Lomme (59), avec \u00e9quipement complet \u00ab\u00a0New White\u00a0\u00bb.<\/div>\n<p>&nbsp;<\/p>\n","protected":false},"featured_media":6873,"comment_status":"open","ping_status":"closed","template":"","meta":[],"product_brand":[],"product_cat":[75],"product_tag":[],"class_list":{"0":"post-13","1":"product","2":"type-product","3":"status-publish","4":"has-post-thumbnail","6":"product_cat-bmx","8":"first","9":"outofstock","10":"taxable","11":"shipping-taxable","12":"product-type-simple"},"_links":{"self":[{"href":"https:\/\/dessinemoiunvelo.com\/index.php\/wp-json\/wp\/v2\/product\/13","targetHints":{"allow":["GET"]}}],"collection":[{"href":"https:\/\/dessinemoiunvelo.com\/index.php\/wp-json\/wp\/v2\/product"}],"about":[{"href":"https:\/\/dessinemoiunvelo.com\/index.php\/wp-json\/wp\/v2\/types\/product"}],"replies":[{"embeddable":true,"href":"https:\/\/dessinemoiunvelo.com\/index.php\/wp-json\/wp\/v2\/comments?post=13"}],"wp:featuredmedia":[{"embeddable":true,"href":"https:\/\/dessinemoiunvelo.com\/index.php\/wp-json\/wp\/v2\/media\/6873"}],"wp:attachment":[{"href":"https:\/\/dessinemoiunvelo.com\/index.php\/wp-json\/wp\/v2\/media?parent=13"}],"wp:term":[{"taxonomy":"product_brand","embeddable":true,"href":"https:\/\/dessinemoiunvelo.com\/index.php\/wp-json\/wp\/v2\/product_brand?post=13"},{"taxonomy":"product_cat","embeddable":true,"href":"https:\/\/dessinemoiunvelo.com\/index.php\/wp-json\/wp\/v2\/product_cat?post=13"},{"taxonomy":"product_tag","embeddable":true,"href":"https:\/\/dessinemoiunvelo.com\/index.php\/wp-json\/wp\/v2\/product_tag?post=13"}],"curies":[{"name":"wp","href":"https:\/\/api.w.org\/{rel}","templated":true}]}}