{"id":507,"date":"2017-01-10T22:27:32","date_gmt":"2017-01-10T22:27:32","guid":{"rendered":"http:\/\/import.getbowtied.com\/shopkeeper-replica\/?page_id=507"},"modified":"2025-09-15T12:20:05","modified_gmt":"2025-09-15T10:20:05","slug":"bio-contact","status":"publish","type":"page","link":"https:\/\/dessinemoiunvelo.com\/index.php\/pages\/bio-contact\/","title":{"rendered":"Bio &#038; Contact"},"content":{"rendered":"<h1>Cr\u00e9ation autour de la culture du v\u00e9lo<\/h1>\n<h6>A PROPOS<\/h6>\n<p>Dessine-moi un v\u00e9lo, c&rsquo;est un atelier de cr\u00e9ation situ\u00e9 dans un petit village des Hauts de France. Sa production artisanale en s\u00e9rie limit\u00e9e s&rsquo;inspire exclusivement de l&rsquo;univers du v\u00e9lo.<\/p>\n<h6>CONTACT<\/h6>\n<p>Email: graphitruc@gmail.com<\/p>\n","protected":false},"excerpt":{"rendered":"<p>Cr\u00e9ation autour de la culture du v\u00e9lo A PROPOS Dessine-moi un v\u00e9lo, c&rsquo;est un atelier de cr\u00e9ation situ\u00e9 dans un petit village des Hauts de France. Sa production artisanale en s\u00e9rie limit\u00e9e s&rsquo;inspire exclusivement de l&rsquo;univers du v\u00e9lo. CONTACT Email: graphitruc@gmail.com<\/p>\n","protected":false},"author":1,"featured_media":0,"parent":403,"menu_order":0,"comment_status":"closed","ping_status":"closed","template":"page-boxed.php","meta":{"footnotes":""},"class_list":["post-507","page","type-page","status-publish","hentry"],"_links":{"self":[{"href":"https:\/\/dessinemoiunvelo.com\/index.php\/wp-json\/wp\/v2\/pages\/507","targetHints":{"allow":["GET"]}}],"collection":[{"href":"https:\/\/dessinemoiunvelo.com\/index.php\/wp-json\/wp\/v2\/pages"}],"about":[{"href":"https:\/\/dessinemoiunvelo.com\/index.php\/wp-json\/wp\/v2\/types\/page"}],"author":[{"embeddable":true,"href":"https:\/\/dessinemoiunvelo.com\/index.php\/wp-json\/wp\/v2\/users\/1"}],"replies":[{"embeddable":true,"href":"https:\/\/dessinemoiunvelo.com\/index.php\/wp-json\/wp\/v2\/comments?post=507"}],"version-history":[{"count":11,"href":"https:\/\/dessinemoiunvelo.com\/index.php\/wp-json\/wp\/v2\/pages\/507\/revisions"}],"predecessor-version":[{"id":7453,"href":"https:\/\/dessinemoiunvelo.com\/index.php\/wp-json\/wp\/v2\/pages\/507\/revisions\/7453"}],"up":[{"embeddable":true,"href":"https:\/\/dessinemoiunvelo.com\/index.php\/wp-json\/wp\/v2\/pages\/403"}],"wp:attachment":[{"href":"https:\/\/dessinemoiunvelo.com\/index.php\/wp-json\/wp\/v2\/media?parent=507"}],"curies":[{"name":"wp","href":"https:\/\/api.w.org\/{rel}","templated":true}]}}